{"id":467,"date":"2023-06-28T11:20:58","date_gmt":"2023-06-28T11:20:58","guid":{"rendered":"https:\/\/dahoconsultores.com\/index.php\/area-laboral-2\/"},"modified":"2024-03-04T18:55:11","modified_gmt":"2024-03-04T18:55:11","slug":"area-derecho-tributario","status":"publish","type":"page","link":"https:\/\/dahoconsultores.com\/index.php\/area-derecho-tributario\/","title":{"rendered":"\u00c1rea Derecho Tributario"},"content":{"rendered":"\t\t<div data-elementor-type=\"wp-page\" data-elementor-id=\"467\" class=\"elementor elementor-467\" data-elementor-post-type=\"page\">\n\t\t\t\t\t\t<section class=\"elementor-section elementor-top-section elementor-element elementor-element-490e178 elementor-section-content-middle elementor-section-boxed elementor-section-height-default elementor-section-height-default\" data-id=\"490e178\" data-element_type=\"section\" data-e-type=\"section\">\n\t\t\t\t\t\t<div class=\"elementor-container elementor-column-gap-default\">\n\t\t\t\t\t<div class=\"elementor-column elementor-col-100 elementor-top-column elementor-element elementor-element-229cd30\" data-id=\"229cd30\" data-element_type=\"column\" data-e-type=\"column\">\n\t\t\t<div class=\"elementor-widget-wrap elementor-element-populated\">\n\t\t\t\t\t\t<div class=\"elementor-element elementor-element-6f85320 elementor-widget elementor-widget-heading\" data-id=\"6f85320\" data-element_type=\"widget\" data-e-type=\"widget\" data-widget_type=\"heading.default\">\n\t\t\t\t<div class=\"elementor-widget-container\">\n\t\t\t\t\t<h1 class=\"elementor-heading-title elementor-size-default\">\u00c1rea Derecho Tributario<\/h1>\t\t\t\t<\/div>\n\t\t\t\t<\/div>\n\t\t\t\t<div class=\"elementor-element elementor-element-30d3b4f elementor-widget-divider--view-line elementor-widget elementor-widget-divider\" data-id=\"30d3b4f\" data-element_type=\"widget\" data-e-type=\"widget\" data-widget_type=\"divider.default\">\n\t\t\t\t<div class=\"elementor-widget-container\">\n\t\t\t\t\t\t\t<div class=\"elementor-divider\">\n\t\t\t<span class=\"elementor-divider-separator\">\n\t\t\t\t\t\t<\/span>\n\t\t<\/div>\n\t\t\t\t\t\t<\/div>\n\t\t\t\t<\/div>\n\t\t\t\t\t<\/div>\n\t\t<\/div>\n\t\t\t\t\t<\/div>\n\t\t<\/section>\n\t\t\t\t<section class=\"elementor-section elementor-top-section elementor-element elementor-element-4c28c1b elementor-section-boxed elementor-section-height-default elementor-section-height-default\" data-id=\"4c28c1b\" data-element_type=\"section\" data-e-type=\"section\">\n\t\t\t\t\t\t<div class=\"elementor-container elementor-column-gap-default\">\n\t\t\t\t\t<div class=\"elementor-column elementor-col-100 elementor-top-column elementor-element elementor-element-1411ae9\" data-id=\"1411ae9\" data-element_type=\"column\" data-e-type=\"column\">\n\t\t\t<div class=\"elementor-widget-wrap elementor-element-populated\">\n\t\t\t\t\t\t<div class=\"elementor-element elementor-element-fd95834 elementor-widget elementor-widget-text-editor\" data-id=\"fd95834\" data-element_type=\"widget\" data-e-type=\"widget\" data-widget_type=\"text-editor.default\">\n\t\t\t\t<div class=\"elementor-widget-container\">\n\t\t\t\t\t\t\t\t\t<p>Servicios:<\/p><ul><li>Asesor\u00eda y planeaci\u00f3n. tributaria local e internacional;<\/li><li>Asesor\u00eda en litigios, facilidades y acuerdos de pago en materia tributaria.<\/li><li>Asesor\u00eda y preparaci\u00f3n de respuestas a requerimientos ordinarios, especiales e interposici\u00f3n de recursos contra los actos administrativos-tributarios, como son Liquidaciones (de correcci\u00f3n, de revisi\u00f3n, de aforo), recursos contra sanciones en materia tributaria, mandamiento de pago, y dem\u00e1s actuaciones ante la DIAN, la Unidad de Gesti\u00f3n Pensional y Parafiscal -UGPP-, y las Secretar\u00edas de Hacienda departamentales y municipales.<\/li><li>Tributaci\u00f3n internacional.<\/li><li>Planeaci\u00f3n fiscal en b\u00fasqueda de las alternativas tributarias m\u00e1s eficientes, permitiendo a nuestros clientes optimizar su carga tributaria, reducir costos, obtener ventajas competitivas y econ\u00f3micas para sus compa\u00f1\u00edas en la toma de decisiones.<\/li><li>Consultor\u00eda tributaria y cambiaria.<\/li><li>Respuesta a requerimientos en materia cambiaria.<\/li><\/ul>\t\t\t\t\t\t\t\t<\/div>\n\t\t\t\t<\/div>\n\t\t\t\t\t<\/div>\n\t\t<\/div>\n\t\t\t\t\t<\/div>\n\t\t<\/section>\n\t\t\t\t<section class=\"elementor-section elementor-top-section elementor-element elementor-element-68e2115 elementor-section-boxed elementor-section-height-default elementor-section-height-default\" data-id=\"68e2115\" data-element_type=\"section\" data-e-type=\"section\">\n\t\t\t\t\t\t<div class=\"elementor-container elementor-column-gap-default\">\n\t\t\t\t\t<div class=\"elementor-column elementor-col-100 elementor-top-column elementor-element elementor-element-af7de34\" data-id=\"af7de34\" data-element_type=\"column\" data-e-type=\"column\">\n\t\t\t<div class=\"elementor-widget-wrap elementor-element-populated\">\n\t\t\t\t\t\t<div class=\"elementor-element elementor-element-74de376 elementor-widget elementor-widget-heading\" data-id=\"74de376\" data-element_type=\"widget\" data-e-type=\"widget\" data-widget_type=\"heading.default\">\n\t\t\t\t<div class=\"elementor-widget-container\">\n\t\t\t\t\t<h2 class=\"elementor-heading-title elementor-size-default\">Responsable del \u00c1rea.<\/h2>\t\t\t\t<\/div>\n\t\t\t\t<\/div>\n\t\t\t\t<div class=\"elementor-element elementor-element-ad2faee elementor-widget elementor-widget-text-editor\" data-id=\"ad2faee\" data-element_type=\"widget\" data-e-type=\"widget\" data-widget_type=\"text-editor.default\">\n\t\t\t\t<div class=\"elementor-widget-container\">\n\t\t\t\t\t\t\t\t\t<p><strong>Javier Fernando Gonz\u00e1lez Mac\u00b4Mah\u00f3n<br \/>Abogado Aliado Externo<\/strong><\/p>\t\t\t\t\t\t\t\t<\/div>\n\t\t\t\t<\/div>\n\t\t\t\t<section class=\"elementor-section elementor-inner-section elementor-element elementor-element-793d659 elementor-section-boxed elementor-section-height-default elementor-section-height-default\" data-id=\"793d659\" data-element_type=\"section\" data-e-type=\"section\">\n\t\t\t\t\t\t<div class=\"elementor-container elementor-column-gap-default\">\n\t\t\t\t\t<div class=\"elementor-column elementor-col-100 elementor-inner-column elementor-element elementor-element-1daa9e8\" data-id=\"1daa9e8\" data-element_type=\"column\" data-e-type=\"column\">\n\t\t\t<div class=\"elementor-widget-wrap elementor-element-populated\">\n\t\t\t\t\t\t<div class=\"elementor-element elementor-element-0b81e7c elementor-widget elementor-widget-text-editor\" data-id=\"0b81e7c\" data-element_type=\"widget\" data-e-type=\"widget\" data-widget_type=\"text-editor.default\">\n\t\t\t\t<div class=\"elementor-widget-container\">\n\t\t\t\t\t\t\t\t\t<p><strong>Perfil Profesional:<\/strong><\/p><p>Abogado de la Universidad Santo Tom\u00e1s, Especialista en Derecho Comercial y de los Negocios de la Universidad Santo Tom\u00e1s, Especialista en Derecho Tributario de la Universidad del Rosario, Mag\u00edster en Derecho Tributario de la Universidad de Barcelona (Espa\u00f1a) y Candidato a doctor en el Doctorado en Derecho de la Universidad Santo Tom\u00e1s de Bogot\u00e1.<\/p><p><strong>Perfil Ocupacional.<\/strong><\/p><p>Asesor jur\u00eddico en las \u00e1reas de Derecho Tributario, Comercial, Empresarial, Contractual P\u00fablico y Privado, en empresas del sector farmac\u00e9utico, financiero, construcci\u00f3n, educativo, e industrial. Ha sido asesor de la Direcci\u00f3n Distrital de Impuestos de Bogot\u00e1, as\u00ed como de la Secretar\u00eda Distrital de Ambiente, en materia de tributaci\u00f3n ambiental.\u00a0\u00a0<\/p>\t\t\t\t\t\t\t\t<\/div>\n\t\t\t\t<\/div>\n\t\t\t\t\t<\/div>\n\t\t<\/div>\n\t\t\t\t\t<\/div>\n\t\t<\/section>\n\t\t\t\t\t<\/div>\n\t\t<\/div>\n\t\t\t\t\t<\/div>\n\t\t<\/section>\n\t\t\t\t<\/div>\n\t\t","protected":false},"excerpt":{"rendered":"<p>\u00c1rea Derecho Tributario Servicios: Asesor\u00eda y planeaci\u00f3n. tributaria local e internacional; Asesor\u00eda en litigios, facilidades y acuerdos de pago en materia tributaria. Asesor\u00eda y preparaci\u00f3n de respuestas a requerimientos ordinarios, especiales e interposici\u00f3n de recursos contra los actos administrativos-tributarios, como son Liquidaciones (de correcci\u00f3n, de revisi\u00f3n, de aforo), recursos contra sanciones en materia tributaria, mandamiento [&hellip;]<\/p>\n","protected":false},"author":1,"featured_media":0,"parent":0,"menu_order":0,"comment_status":"closed","ping_status":"closed","template":"elementor_header_footer","meta":{"_joinchat":[],"footnotes":""},"class_list":["post-467","page","type-page","status-publish","hentry"],"yoast_head":"<!-- This site is optimized with the Yoast SEO plugin v27.4 - https:\/\/yoast.com\/product\/yoast-seo-wordpress\/ -->\n<title>\u00c1rea Derecho Tributario - DAHO Consultores<\/title>\n<meta name=\"robots\" content=\"index, follow, max-snippet:-1, max-image-preview:large, max-video-preview:-1\" \/>\n<link rel=\"canonical\" href=\"https:\/\/dahoconsultores.com\/index.php\/area-derecho-tributario\/\" \/>\n<meta property=\"og:locale\" content=\"es_ES\" \/>\n<meta property=\"og:type\" content=\"article\" \/>\n<meta property=\"og:title\" content=\"\u00c1rea Derecho Tributario - DAHO Consultores\" \/>\n<meta property=\"og:description\" content=\"\u00c1rea Derecho Tributario Servicios: Asesor\u00eda y planeaci\u00f3n. tributaria local e internacional; Asesor\u00eda en litigios, facilidades y acuerdos de pago en materia tributaria. Asesor\u00eda y preparaci\u00f3n de respuestas a requerimientos ordinarios, especiales e interposici\u00f3n de recursos contra los actos administrativos-tributarios, como son Liquidaciones (de correcci\u00f3n, de revisi\u00f3n, de aforo), recursos contra sanciones en materia tributaria, mandamiento [&hellip;]\" \/>\n<meta property=\"og:url\" content=\"https:\/\/dahoconsultores.com\/index.php\/area-derecho-tributario\/\" \/>\n<meta property=\"og:site_name\" content=\"DAHO Consultores\" \/>\n<meta property=\"article:modified_time\" content=\"2024-03-04T18:55:11+00:00\" \/>\n<meta property=\"og:image\" content=\"https:\/\/dahoconsultores.com\/wp-content\/uploads\/2023\/05\/logo-png-azul.png\" \/>\n\t<meta property=\"og:image:width\" content=\"3737\" \/>\n\t<meta property=\"og:image:height\" content=\"1537\" \/>\n\t<meta property=\"og:image:type\" content=\"image\/png\" \/>\n<meta name=\"twitter:card\" content=\"summary_large_image\" \/>\n<meta name=\"twitter:label1\" content=\"Tiempo de lectura\" \/>\n\t<meta name=\"twitter:data1\" content=\"2 minutos\" \/>\n<script type=\"application\/ld+json\" class=\"yoast-schema-graph\">{\"@context\":\"https:\\\/\\\/schema.org\",\"@graph\":[{\"@type\":\"WebPage\",\"@id\":\"https:\\\/\\\/dahoconsultores.com\\\/index.php\\\/area-derecho-tributario\\\/\",\"url\":\"https:\\\/\\\/dahoconsultores.com\\\/index.php\\\/area-derecho-tributario\\\/\",\"name\":\"\u00c1rea Derecho Tributario - DAHO Consultores\",\"isPartOf\":{\"@id\":\"https:\\\/\\\/dahoconsultores.com\\\/#website\"},\"datePublished\":\"2023-06-28T11:20:58+00:00\",\"dateModified\":\"2024-03-04T18:55:11+00:00\",\"breadcrumb\":{\"@id\":\"https:\\\/\\\/dahoconsultores.com\\\/index.php\\\/area-derecho-tributario\\\/#breadcrumb\"},\"inLanguage\":\"es\",\"potentialAction\":[{\"@type\":\"ReadAction\",\"target\":[\"https:\\\/\\\/dahoconsultores.com\\\/index.php\\\/area-derecho-tributario\\\/\"]}]},{\"@type\":\"BreadcrumbList\",\"@id\":\"https:\\\/\\\/dahoconsultores.com\\\/index.php\\\/area-derecho-tributario\\\/#breadcrumb\",\"itemListElement\":[{\"@type\":\"ListItem\",\"position\":1,\"name\":\"Portada\",\"item\":\"https:\\\/\\\/dahoconsultores.com\\\/\"},{\"@type\":\"ListItem\",\"position\":2,\"name\":\"\u00c1rea Derecho Tributario\"}]},{\"@type\":\"WebSite\",\"@id\":\"https:\\\/\\\/dahoconsultores.com\\\/#website\",\"url\":\"https:\\\/\\\/dahoconsultores.com\\\/\",\"name\":\"DAHO Consultores\",\"description\":\"DAHO Consultores - Somos un grupo de profesionales que se unieron a partir de las fortalezas individuales que sumadas constituyen un equipo fuerte y multidisciplinario.\",\"publisher\":{\"@id\":\"https:\\\/\\\/dahoconsultores.com\\\/#organization\"},\"alternateName\":\"DAHO Consultores - Somos un grupo de profesionales que se unieron a partir de las fortalezas individuales que sumadas constituyen un equipo fuerte y multidisciplinario.\",\"potentialAction\":[{\"@type\":\"SearchAction\",\"target\":{\"@type\":\"EntryPoint\",\"urlTemplate\":\"https:\\\/\\\/dahoconsultores.com\\\/?s={search_term_string}\"},\"query-input\":{\"@type\":\"PropertyValueSpecification\",\"valueRequired\":true,\"valueName\":\"search_term_string\"}}],\"inLanguage\":\"es\"},{\"@type\":\"Organization\",\"@id\":\"https:\\\/\\\/dahoconsultores.com\\\/#organization\",\"name\":\"DAHO Consultores\",\"alternateName\":\"DAHO Consultores - Somos un grupo de profesionales que se unieron a partir de las fortalezas individuales que sumadas constituyen un equipo fuerte y multidisciplinario.\",\"url\":\"https:\\\/\\\/dahoconsultores.com\\\/\",\"logo\":{\"@type\":\"ImageObject\",\"inLanguage\":\"es\",\"@id\":\"https:\\\/\\\/dahoconsultores.com\\\/#\\\/schema\\\/logo\\\/image\\\/\",\"url\":\"https:\\\/\\\/dahoconsultores.com\\\/wp-content\\\/uploads\\\/2023\\\/05\\\/logo-png-azul.png\",\"contentUrl\":\"https:\\\/\\\/dahoconsultores.com\\\/wp-content\\\/uploads\\\/2023\\\/05\\\/logo-png-azul.png\",\"width\":3737,\"height\":1537,\"caption\":\"DAHO Consultores\"},\"image\":{\"@id\":\"https:\\\/\\\/dahoconsultores.com\\\/#\\\/schema\\\/logo\\\/image\\\/\"}}]}<\/script>\n<!-- \/ Yoast SEO plugin. -->","yoast_head_json":{"title":"\u00c1rea Derecho Tributario - DAHO Consultores","robots":{"index":"index","follow":"follow","max-snippet":"max-snippet:-1","max-image-preview":"max-image-preview:large","max-video-preview":"max-video-preview:-1"},"canonical":"https:\/\/dahoconsultores.com\/index.php\/area-derecho-tributario\/","og_locale":"es_ES","og_type":"article","og_title":"\u00c1rea Derecho Tributario - DAHO Consultores","og_description":"\u00c1rea Derecho Tributario Servicios: Asesor\u00eda y planeaci\u00f3n. tributaria local e internacional; Asesor\u00eda en litigios, facilidades y acuerdos de pago en materia tributaria. Asesor\u00eda y preparaci\u00f3n de respuestas a requerimientos ordinarios, especiales e interposici\u00f3n de recursos contra los actos administrativos-tributarios, como son Liquidaciones (de correcci\u00f3n, de revisi\u00f3n, de aforo), recursos contra sanciones en materia tributaria, mandamiento [&hellip;]","og_url":"https:\/\/dahoconsultores.com\/index.php\/area-derecho-tributario\/","og_site_name":"DAHO Consultores","article_modified_time":"2024-03-04T18:55:11+00:00","og_image":[{"width":3737,"height":1537,"url":"https:\/\/dahoconsultores.com\/wp-content\/uploads\/2023\/05\/logo-png-azul.png","type":"image\/png"}],"twitter_card":"summary_large_image","twitter_misc":{"Tiempo de lectura":"2 minutos"},"schema":{"@context":"https:\/\/schema.org","@graph":[{"@type":"WebPage","@id":"https:\/\/dahoconsultores.com\/index.php\/area-derecho-tributario\/","url":"https:\/\/dahoconsultores.com\/index.php\/area-derecho-tributario\/","name":"\u00c1rea Derecho Tributario - DAHO Consultores","isPartOf":{"@id":"https:\/\/dahoconsultores.com\/#website"},"datePublished":"2023-06-28T11:20:58+00:00","dateModified":"2024-03-04T18:55:11+00:00","breadcrumb":{"@id":"https:\/\/dahoconsultores.com\/index.php\/area-derecho-tributario\/#breadcrumb"},"inLanguage":"es","potentialAction":[{"@type":"ReadAction","target":["https:\/\/dahoconsultores.com\/index.php\/area-derecho-tributario\/"]}]},{"@type":"BreadcrumbList","@id":"https:\/\/dahoconsultores.com\/index.php\/area-derecho-tributario\/#breadcrumb","itemListElement":[{"@type":"ListItem","position":1,"name":"Portada","item":"https:\/\/dahoconsultores.com\/"},{"@type":"ListItem","position":2,"name":"\u00c1rea Derecho Tributario"}]},{"@type":"WebSite","@id":"https:\/\/dahoconsultores.com\/#website","url":"https:\/\/dahoconsultores.com\/","name":"DAHO Consultores","description":"DAHO Consultores - Somos un grupo de profesionales que se unieron a partir de las fortalezas individuales que sumadas constituyen un equipo fuerte y multidisciplinario.","publisher":{"@id":"https:\/\/dahoconsultores.com\/#organization"},"alternateName":"DAHO Consultores - Somos un grupo de profesionales que se unieron a partir de las fortalezas individuales que sumadas constituyen un equipo fuerte y multidisciplinario.","potentialAction":[{"@type":"SearchAction","target":{"@type":"EntryPoint","urlTemplate":"https:\/\/dahoconsultores.com\/?s={search_term_string}"},"query-input":{"@type":"PropertyValueSpecification","valueRequired":true,"valueName":"search_term_string"}}],"inLanguage":"es"},{"@type":"Organization","@id":"https:\/\/dahoconsultores.com\/#organization","name":"DAHO Consultores","alternateName":"DAHO Consultores - Somos un grupo de profesionales que se unieron a partir de las fortalezas individuales que sumadas constituyen un equipo fuerte y multidisciplinario.","url":"https:\/\/dahoconsultores.com\/","logo":{"@type":"ImageObject","inLanguage":"es","@id":"https:\/\/dahoconsultores.com\/#\/schema\/logo\/image\/","url":"https:\/\/dahoconsultores.com\/wp-content\/uploads\/2023\/05\/logo-png-azul.png","contentUrl":"https:\/\/dahoconsultores.com\/wp-content\/uploads\/2023\/05\/logo-png-azul.png","width":3737,"height":1537,"caption":"DAHO Consultores"},"image":{"@id":"https:\/\/dahoconsultores.com\/#\/schema\/logo\/image\/"}}]}},"_links":{"self":[{"href":"https:\/\/dahoconsultores.com\/index.php\/wp-json\/wp\/v2\/pages\/467","targetHints":{"allow":["GET"]}}],"collection":[{"href":"https:\/\/dahoconsultores.com\/index.php\/wp-json\/wp\/v2\/pages"}],"about":[{"href":"https:\/\/dahoconsultores.com\/index.php\/wp-json\/wp\/v2\/types\/page"}],"author":[{"embeddable":true,"href":"https:\/\/dahoconsultores.com\/index.php\/wp-json\/wp\/v2\/users\/1"}],"replies":[{"embeddable":true,"href":"https:\/\/dahoconsultores.com\/index.php\/wp-json\/wp\/v2\/comments?post=467"}],"version-history":[{"count":10,"href":"https:\/\/dahoconsultores.com\/index.php\/wp-json\/wp\/v2\/pages\/467\/revisions"}],"predecessor-version":[{"id":480,"href":"https:\/\/dahoconsultores.com\/index.php\/wp-json\/wp\/v2\/pages\/467\/revisions\/480"}],"wp:attachment":[{"href":"https:\/\/dahoconsultores.com\/index.php\/wp-json\/wp\/v2\/media?parent=467"}],"curies":[{"name":"wp","href":"https:\/\/api.w.org\/{rel}","templated":true}]}}