{"id":40,"date":"2023-06-28T11:21:14","date_gmt":"2023-06-28T11:21:14","guid":{"rendered":"https:\/\/dahoconsultores.com\/?page_id=40"},"modified":"2026-04-26T21:55:06","modified_gmt":"2026-04-27T02:55:06","slug":"area-comercial-y-societario","status":"publish","type":"page","link":"https:\/\/dahoconsultores.com\/index.php\/area-comercial-y-societario\/","title":{"rendered":"\u00c1rea Comercial y Societario"},"content":{"rendered":"\t\t<div data-elementor-type=\"wp-page\" data-elementor-id=\"40\" class=\"elementor elementor-40\" data-elementor-post-type=\"page\">\n\t\t\t\t\t\t<section class=\"elementor-section elementor-top-section elementor-element elementor-element-a53ac02 elementor-section-content-middle elementor-section-boxed elementor-section-height-default elementor-section-height-default\" data-id=\"a53ac02\" data-element_type=\"section\" data-e-type=\"section\">\n\t\t\t\t\t\t<div class=\"elementor-container elementor-column-gap-default\">\n\t\t\t\t\t<div class=\"elementor-column elementor-col-100 elementor-top-column elementor-element elementor-element-56b6169\" data-id=\"56b6169\" data-element_type=\"column\" data-e-type=\"column\">\n\t\t\t<div class=\"elementor-widget-wrap elementor-element-populated\">\n\t\t\t\t\t\t<div class=\"elementor-element elementor-element-1a63d3d elementor-widget elementor-widget-heading\" data-id=\"1a63d3d\" data-element_type=\"widget\" data-e-type=\"widget\" data-widget_type=\"heading.default\">\n\t\t\t\t<div class=\"elementor-widget-container\">\n\t\t\t\t\t<h1 class=\"elementor-heading-title elementor-size-default\">\u00c1rea Comercial y Societario<\/h1>\t\t\t\t<\/div>\n\t\t\t\t<\/div>\n\t\t\t\t<div class=\"elementor-element elementor-element-7cef746 elementor-widget-divider--view-line elementor-widget elementor-widget-divider\" data-id=\"7cef746\" data-element_type=\"widget\" data-e-type=\"widget\" data-widget_type=\"divider.default\">\n\t\t\t\t<div class=\"elementor-widget-container\">\n\t\t\t\t\t\t\t<div class=\"elementor-divider\">\n\t\t\t<span class=\"elementor-divider-separator\">\n\t\t\t\t\t\t<\/span>\n\t\t<\/div>\n\t\t\t\t\t\t<\/div>\n\t\t\t\t<\/div>\n\t\t\t\t\t<\/div>\n\t\t<\/div>\n\t\t\t\t\t<\/div>\n\t\t<\/section>\n\t\t\t\t<section class=\"elementor-section elementor-top-section elementor-element elementor-element-853a624 elementor-section-boxed elementor-section-height-default elementor-section-height-default\" data-id=\"853a624\" data-element_type=\"section\" data-e-type=\"section\">\n\t\t\t\t\t\t<div class=\"elementor-container elementor-column-gap-default\">\n\t\t\t\t\t<div class=\"elementor-column elementor-col-100 elementor-top-column elementor-element elementor-element-abaabb7\" data-id=\"abaabb7\" data-element_type=\"column\" data-e-type=\"column\">\n\t\t\t<div class=\"elementor-widget-wrap elementor-element-populated\">\n\t\t\t\t\t\t<div class=\"elementor-element elementor-element-3f753a2 elementor-widget elementor-widget-text-editor\" data-id=\"3f753a2\" data-element_type=\"widget\" data-e-type=\"widget\" data-widget_type=\"text-editor.default\">\n\t\t\t\t<div class=\"elementor-widget-container\">\n\t\t\t\t\t\t\t\t\t<p><strong>Derecho societario<\/strong><br \/>\u2022 Constituci\u00f3n de sociedades y sucursales de sociedades extranjeras.<br \/>\u2022 Acuerdos de accionistas.<br \/>\u2022 Reorganizaci\u00f3n societaria.<br \/>\u2022 Reformas estatutarias.<br \/>\u2022 Tenencia de libros.<br \/>\u2022 Asistencia en la toma de decisiones por parte de los \u00f3rganos sociales.<br \/>\u2022 Asistencia y asesor\u00eda en IPS y EPS <br \/>\u2022 Transferencia de propiedad accionaria o intereses en sociedades.<br \/>\u2022 Asistencia y asesor\u00eda en conflictos societarios <br \/>\u2022 Capacitaciones en responsabilidad de administradores.<br \/><strong><em>\u2022 PROCESOS CONCURSALES<\/em><\/strong> <br \/>\u00a0 \u00a0&#8211; Liquidaci\u00f3n y disoluci\u00f3n de sociedades, privada y judicial<br \/>\u00a0 \u00a0&#8211; Procesos de reorganizaci\u00f3n empresarial<br \/>\u00a0 \u00a0&#8211; Intervenci\u00f3n por captaci\u00f3n<\/p><p><strong>Entidades sin \u00e1nimo de lucro<\/strong><br \/>\u2022 Constituci\u00f3n de fundaciones y asociaciones.<br \/>\u2022 Reformas estatutarias.<br \/>\u2022 Asistencia en la toma de decisiones por parte de los \u00f3rganos sociales.<br \/>\u2022 Disoluci\u00f3n y liquidaci\u00f3n.<\/p><p><strong>R\u00e9gimen de protecci\u00f3n al consumidor<\/strong><br \/>\u2022 Capacitaciones internas sobre el R\u00e9gimen Vigente de Protecci\u00f3n al Consumidor.<br \/>\u2022 Asesor\u00eda en cumplimiento de normas vigentes.<br \/>\u2022 Defensa de quejas de protecci\u00f3n al consumidor.<br \/>\u2022 Redacci\u00f3n de t\u00e9rminos de garant\u00edas.<br \/>\u2022 R\u00e9gimen de publicidad e informaci\u00f3n al consumidor.<br \/>\u2022 Asesor\u00eda en compliance.<\/p>\t\t\t\t\t\t\t\t<\/div>\n\t\t\t\t<\/div>\n\t\t\t\t\t<\/div>\n\t\t<\/div>\n\t\t\t\t\t<\/div>\n\t\t<\/section>\n\t\t\t\t<\/div>\n\t\t","protected":false},"excerpt":{"rendered":"<p>\u00c1rea Comercial y Societario Derecho societario\u2022 Constituci\u00f3n de sociedades y sucursales de sociedades extranjeras.\u2022 Acuerdos de accionistas.\u2022 Reorganizaci\u00f3n societaria.\u2022 Reformas estatutarias.\u2022 Tenencia de libros.\u2022 Asistencia en la toma de decisiones por parte de los \u00f3rganos sociales.\u2022 Asistencia y asesor\u00eda en IPS y EPS \u2022 Transferencia de propiedad accionaria o intereses en sociedades.\u2022 Asistencia y asesor\u00eda [&hellip;]<\/p>\n","protected":false},"author":1,"featured_media":0,"parent":0,"menu_order":0,"comment_status":"closed","ping_status":"closed","template":"elementor_header_footer","meta":{"_joinchat":[],"footnotes":""},"class_list":["post-40","page","type-page","status-publish","hentry"],"yoast_head":"<!-- This site is optimized with the Yoast SEO plugin v27.4 - https:\/\/yoast.com\/product\/yoast-seo-wordpress\/ -->\n<title>\u00c1rea Comercial y Societario - DAHO Consultores<\/title>\n<meta name=\"robots\" content=\"index, follow, max-snippet:-1, max-image-preview:large, max-video-preview:-1\" \/>\n<link rel=\"canonical\" href=\"https:\/\/dahoconsultores.com\/index.php\/area-comercial-y-societario\/\" \/>\n<meta property=\"og:locale\" content=\"es_ES\" \/>\n<meta property=\"og:type\" content=\"article\" \/>\n<meta property=\"og:title\" content=\"\u00c1rea Comercial y Societario - DAHO Consultores\" \/>\n<meta property=\"og:description\" content=\"\u00c1rea Comercial y Societario Derecho societario\u2022 Constituci\u00f3n de sociedades y sucursales de sociedades extranjeras.\u2022 Acuerdos de accionistas.\u2022 Reorganizaci\u00f3n societaria.\u2022 Reformas estatutarias.\u2022 Tenencia de libros.\u2022 Asistencia en la toma de decisiones por parte de los \u00f3rganos sociales.\u2022 Asistencia y asesor\u00eda en IPS y EPS \u2022 Transferencia de propiedad accionaria o intereses en sociedades.\u2022 Asistencia y asesor\u00eda [&hellip;]\" \/>\n<meta property=\"og:url\" content=\"https:\/\/dahoconsultores.com\/index.php\/area-comercial-y-societario\/\" \/>\n<meta property=\"og:site_name\" content=\"DAHO Consultores\" \/>\n<meta property=\"article:modified_time\" content=\"2026-04-27T02:55:06+00:00\" \/>\n<meta property=\"og:image\" content=\"https:\/\/dahoconsultores.com\/wp-content\/uploads\/2023\/05\/logo-png-azul.png\" \/>\n\t<meta property=\"og:image:width\" content=\"3737\" \/>\n\t<meta property=\"og:image:height\" content=\"1537\" \/>\n\t<meta property=\"og:image:type\" content=\"image\/png\" \/>\n<meta name=\"twitter:card\" content=\"summary_large_image\" \/>\n<meta name=\"twitter:label1\" content=\"Tiempo de lectura\" \/>\n\t<meta name=\"twitter:data1\" content=\"1 minuto\" \/>\n<script type=\"application\/ld+json\" class=\"yoast-schema-graph\">{\"@context\":\"https:\\\/\\\/schema.org\",\"@graph\":[{\"@type\":\"WebPage\",\"@id\":\"https:\\\/\\\/dahoconsultores.com\\\/index.php\\\/area-comercial-y-societario\\\/\",\"url\":\"https:\\\/\\\/dahoconsultores.com\\\/index.php\\\/area-comercial-y-societario\\\/\",\"name\":\"\u00c1rea Comercial y Societario - DAHO Consultores\",\"isPartOf\":{\"@id\":\"https:\\\/\\\/dahoconsultores.com\\\/#website\"},\"datePublished\":\"2023-06-28T11:21:14+00:00\",\"dateModified\":\"2026-04-27T02:55:06+00:00\",\"breadcrumb\":{\"@id\":\"https:\\\/\\\/dahoconsultores.com\\\/index.php\\\/area-comercial-y-societario\\\/#breadcrumb\"},\"inLanguage\":\"es\",\"potentialAction\":[{\"@type\":\"ReadAction\",\"target\":[\"https:\\\/\\\/dahoconsultores.com\\\/index.php\\\/area-comercial-y-societario\\\/\"]}]},{\"@type\":\"BreadcrumbList\",\"@id\":\"https:\\\/\\\/dahoconsultores.com\\\/index.php\\\/area-comercial-y-societario\\\/#breadcrumb\",\"itemListElement\":[{\"@type\":\"ListItem\",\"position\":1,\"name\":\"Portada\",\"item\":\"https:\\\/\\\/dahoconsultores.com\\\/\"},{\"@type\":\"ListItem\",\"position\":2,\"name\":\"\u00c1rea Comercial y Societario\"}]},{\"@type\":\"WebSite\",\"@id\":\"https:\\\/\\\/dahoconsultores.com\\\/#website\",\"url\":\"https:\\\/\\\/dahoconsultores.com\\\/\",\"name\":\"DAHO Consultores\",\"description\":\"DAHO Consultores - Somos un grupo de profesionales que se unieron a partir de las fortalezas individuales que sumadas constituyen un equipo fuerte y multidisciplinario.\",\"publisher\":{\"@id\":\"https:\\\/\\\/dahoconsultores.com\\\/#organization\"},\"alternateName\":\"DAHO Consultores - Somos un grupo de profesionales que se unieron a partir de las fortalezas individuales que sumadas constituyen un equipo fuerte y multidisciplinario.\",\"potentialAction\":[{\"@type\":\"SearchAction\",\"target\":{\"@type\":\"EntryPoint\",\"urlTemplate\":\"https:\\\/\\\/dahoconsultores.com\\\/?s={search_term_string}\"},\"query-input\":{\"@type\":\"PropertyValueSpecification\",\"valueRequired\":true,\"valueName\":\"search_term_string\"}}],\"inLanguage\":\"es\"},{\"@type\":\"Organization\",\"@id\":\"https:\\\/\\\/dahoconsultores.com\\\/#organization\",\"name\":\"DAHO Consultores\",\"alternateName\":\"DAHO Consultores - Somos un grupo de profesionales que se unieron a partir de las fortalezas individuales que sumadas constituyen un equipo fuerte y multidisciplinario.\",\"url\":\"https:\\\/\\\/dahoconsultores.com\\\/\",\"logo\":{\"@type\":\"ImageObject\",\"inLanguage\":\"es\",\"@id\":\"https:\\\/\\\/dahoconsultores.com\\\/#\\\/schema\\\/logo\\\/image\\\/\",\"url\":\"https:\\\/\\\/dahoconsultores.com\\\/wp-content\\\/uploads\\\/2023\\\/05\\\/logo-png-azul.png\",\"contentUrl\":\"https:\\\/\\\/dahoconsultores.com\\\/wp-content\\\/uploads\\\/2023\\\/05\\\/logo-png-azul.png\",\"width\":3737,\"height\":1537,\"caption\":\"DAHO Consultores\"},\"image\":{\"@id\":\"https:\\\/\\\/dahoconsultores.com\\\/#\\\/schema\\\/logo\\\/image\\\/\"}}]}<\/script>\n<!-- \/ Yoast SEO plugin. -->","yoast_head_json":{"title":"\u00c1rea Comercial y Societario - DAHO Consultores","robots":{"index":"index","follow":"follow","max-snippet":"max-snippet:-1","max-image-preview":"max-image-preview:large","max-video-preview":"max-video-preview:-1"},"canonical":"https:\/\/dahoconsultores.com\/index.php\/area-comercial-y-societario\/","og_locale":"es_ES","og_type":"article","og_title":"\u00c1rea Comercial y Societario - DAHO Consultores","og_description":"\u00c1rea Comercial y Societario Derecho societario\u2022 Constituci\u00f3n de sociedades y sucursales de sociedades extranjeras.\u2022 Acuerdos de accionistas.\u2022 Reorganizaci\u00f3n societaria.\u2022 Reformas estatutarias.\u2022 Tenencia de libros.\u2022 Asistencia en la toma de decisiones por parte de los \u00f3rganos sociales.\u2022 Asistencia y asesor\u00eda en IPS y EPS \u2022 Transferencia de propiedad accionaria o intereses en sociedades.\u2022 Asistencia y asesor\u00eda [&hellip;]","og_url":"https:\/\/dahoconsultores.com\/index.php\/area-comercial-y-societario\/","og_site_name":"DAHO Consultores","article_modified_time":"2026-04-27T02:55:06+00:00","og_image":[{"width":3737,"height":1537,"url":"https:\/\/dahoconsultores.com\/wp-content\/uploads\/2023\/05\/logo-png-azul.png","type":"image\/png"}],"twitter_card":"summary_large_image","twitter_misc":{"Tiempo de lectura":"1 minuto"},"schema":{"@context":"https:\/\/schema.org","@graph":[{"@type":"WebPage","@id":"https:\/\/dahoconsultores.com\/index.php\/area-comercial-y-societario\/","url":"https:\/\/dahoconsultores.com\/index.php\/area-comercial-y-societario\/","name":"\u00c1rea Comercial y Societario - DAHO Consultores","isPartOf":{"@id":"https:\/\/dahoconsultores.com\/#website"},"datePublished":"2023-06-28T11:21:14+00:00","dateModified":"2026-04-27T02:55:06+00:00","breadcrumb":{"@id":"https:\/\/dahoconsultores.com\/index.php\/area-comercial-y-societario\/#breadcrumb"},"inLanguage":"es","potentialAction":[{"@type":"ReadAction","target":["https:\/\/dahoconsultores.com\/index.php\/area-comercial-y-societario\/"]}]},{"@type":"BreadcrumbList","@id":"https:\/\/dahoconsultores.com\/index.php\/area-comercial-y-societario\/#breadcrumb","itemListElement":[{"@type":"ListItem","position":1,"name":"Portada","item":"https:\/\/dahoconsultores.com\/"},{"@type":"ListItem","position":2,"name":"\u00c1rea Comercial y Societario"}]},{"@type":"WebSite","@id":"https:\/\/dahoconsultores.com\/#website","url":"https:\/\/dahoconsultores.com\/","name":"DAHO Consultores","description":"DAHO Consultores - Somos un grupo de profesionales que se unieron a partir de las fortalezas individuales que sumadas constituyen un equipo fuerte y multidisciplinario.","publisher":{"@id":"https:\/\/dahoconsultores.com\/#organization"},"alternateName":"DAHO Consultores - Somos un grupo de profesionales que se unieron a partir de las fortalezas individuales que sumadas constituyen un equipo fuerte y multidisciplinario.","potentialAction":[{"@type":"SearchAction","target":{"@type":"EntryPoint","urlTemplate":"https:\/\/dahoconsultores.com\/?s={search_term_string}"},"query-input":{"@type":"PropertyValueSpecification","valueRequired":true,"valueName":"search_term_string"}}],"inLanguage":"es"},{"@type":"Organization","@id":"https:\/\/dahoconsultores.com\/#organization","name":"DAHO Consultores","alternateName":"DAHO Consultores - Somos un grupo de profesionales que se unieron a partir de las fortalezas individuales que sumadas constituyen un equipo fuerte y multidisciplinario.","url":"https:\/\/dahoconsultores.com\/","logo":{"@type":"ImageObject","inLanguage":"es","@id":"https:\/\/dahoconsultores.com\/#\/schema\/logo\/image\/","url":"https:\/\/dahoconsultores.com\/wp-content\/uploads\/2023\/05\/logo-png-azul.png","contentUrl":"https:\/\/dahoconsultores.com\/wp-content\/uploads\/2023\/05\/logo-png-azul.png","width":3737,"height":1537,"caption":"DAHO Consultores"},"image":{"@id":"https:\/\/dahoconsultores.com\/#\/schema\/logo\/image\/"}}]}},"_links":{"self":[{"href":"https:\/\/dahoconsultores.com\/index.php\/wp-json\/wp\/v2\/pages\/40","targetHints":{"allow":["GET"]}}],"collection":[{"href":"https:\/\/dahoconsultores.com\/index.php\/wp-json\/wp\/v2\/pages"}],"about":[{"href":"https:\/\/dahoconsultores.com\/index.php\/wp-json\/wp\/v2\/types\/page"}],"author":[{"embeddable":true,"href":"https:\/\/dahoconsultores.com\/index.php\/wp-json\/wp\/v2\/users\/1"}],"replies":[{"embeddable":true,"href":"https:\/\/dahoconsultores.com\/index.php\/wp-json\/wp\/v2\/comments?post=40"}],"version-history":[{"count":31,"href":"https:\/\/dahoconsultores.com\/index.php\/wp-json\/wp\/v2\/pages\/40\/revisions"}],"predecessor-version":[{"id":538,"href":"https:\/\/dahoconsultores.com\/index.php\/wp-json\/wp\/v2\/pages\/40\/revisions\/538"}],"wp:attachment":[{"href":"https:\/\/dahoconsultores.com\/index.php\/wp-json\/wp\/v2\/media?parent=40"}],"curies":[{"name":"wp","href":"https:\/\/api.w.org\/{rel}","templated":true}]}}