{"id":38,"date":"2023-06-28T11:20:58","date_gmt":"2023-06-28T11:20:58","guid":{"rendered":"https:\/\/dahoconsultores.com\/?page_id=38"},"modified":"2024-10-08T13:29:48","modified_gmt":"2024-10-08T13:29:48","slug":"area-civil-familia-y-ninez","status":"publish","type":"page","link":"https:\/\/dahoconsultores.com\/index.php\/area-civil-familia-y-ninez\/","title":{"rendered":"\u00c1rea Civil, Familia y Ni\u00f1ez"},"content":{"rendered":"\t\t<div data-elementor-type=\"wp-page\" data-elementor-id=\"38\" class=\"elementor elementor-38\" data-elementor-post-type=\"page\">\n\t\t\t\t\t\t<section class=\"elementor-section elementor-top-section elementor-element elementor-element-490e178 elementor-section-content-middle elementor-section-boxed elementor-section-height-default elementor-section-height-default\" data-id=\"490e178\" data-element_type=\"section\">\n\t\t\t\t\t\t<div class=\"elementor-container elementor-column-gap-default\">\n\t\t\t\t\t<div class=\"elementor-column elementor-col-100 elementor-top-column elementor-element elementor-element-229cd30\" data-id=\"229cd30\" data-element_type=\"column\">\n\t\t\t<div class=\"elementor-widget-wrap elementor-element-populated\">\n\t\t\t\t\t\t<div class=\"elementor-element elementor-element-6f85320 elementor-widget elementor-widget-heading\" data-id=\"6f85320\" data-element_type=\"widget\" data-widget_type=\"heading.default\">\n\t\t\t\t<div class=\"elementor-widget-container\">\n\t\t\t<style>\/*! elementor - v3.19.0 - 28-02-2024 *\/\n.elementor-heading-title{padding:0;margin:0;line-height:1}.elementor-widget-heading .elementor-heading-title[class*=elementor-size-]>a{color:inherit;font-size:inherit;line-height:inherit}.elementor-widget-heading .elementor-heading-title.elementor-size-small{font-size:15px}.elementor-widget-heading .elementor-heading-title.elementor-size-medium{font-size:19px}.elementor-widget-heading .elementor-heading-title.elementor-size-large{font-size:29px}.elementor-widget-heading .elementor-heading-title.elementor-size-xl{font-size:39px}.elementor-widget-heading .elementor-heading-title.elementor-size-xxl{font-size:59px}<\/style><h1 class=\"elementor-heading-title elementor-size-default\">\u00c1rea Civil, Familia y Ni\u00f1ez<\/h1>\t\t<\/div>\n\t\t\t\t<\/div>\n\t\t\t\t<div class=\"elementor-element elementor-element-30d3b4f elementor-widget-divider--view-line elementor-widget elementor-widget-divider\" data-id=\"30d3b4f\" data-element_type=\"widget\" data-widget_type=\"divider.default\">\n\t\t\t\t<div class=\"elementor-widget-container\">\n\t\t\t<style>\/*! elementor - v3.19.0 - 28-02-2024 *\/\n.elementor-widget-divider{--divider-border-style:none;--divider-border-width:1px;--divider-color:#0c0d0e;--divider-icon-size:20px;--divider-element-spacing:10px;--divider-pattern-height:24px;--divider-pattern-size:20px;--divider-pattern-url:none;--divider-pattern-repeat:repeat-x}.elementor-widget-divider .elementor-divider{display:flex}.elementor-widget-divider .elementor-divider__text{font-size:15px;line-height:1;max-width:95%}.elementor-widget-divider .elementor-divider__element{margin:0 var(--divider-element-spacing);flex-shrink:0}.elementor-widget-divider .elementor-icon{font-size:var(--divider-icon-size)}.elementor-widget-divider .elementor-divider-separator{display:flex;margin:0;direction:ltr}.elementor-widget-divider--view-line_icon .elementor-divider-separator,.elementor-widget-divider--view-line_text .elementor-divider-separator{align-items:center}.elementor-widget-divider--view-line_icon .elementor-divider-separator:after,.elementor-widget-divider--view-line_icon .elementor-divider-separator:before,.elementor-widget-divider--view-line_text .elementor-divider-separator:after,.elementor-widget-divider--view-line_text .elementor-divider-separator:before{display:block;content:\"\";border-block-end:0;flex-grow:1;border-block-start:var(--divider-border-width) var(--divider-border-style) var(--divider-color)}.elementor-widget-divider--element-align-left .elementor-divider .elementor-divider-separator>.elementor-divider__svg:first-of-type{flex-grow:0;flex-shrink:100}.elementor-widget-divider--element-align-left .elementor-divider-separator:before{content:none}.elementor-widget-divider--element-align-left .elementor-divider__element{margin-left:0}.elementor-widget-divider--element-align-right .elementor-divider .elementor-divider-separator>.elementor-divider__svg:last-of-type{flex-grow:0;flex-shrink:100}.elementor-widget-divider--element-align-right .elementor-divider-separator:after{content:none}.elementor-widget-divider--element-align-right .elementor-divider__element{margin-right:0}.elementor-widget-divider--element-align-start .elementor-divider .elementor-divider-separator>.elementor-divider__svg:first-of-type{flex-grow:0;flex-shrink:100}.elementor-widget-divider--element-align-start .elementor-divider-separator:before{content:none}.elementor-widget-divider--element-align-start .elementor-divider__element{margin-inline-start:0}.elementor-widget-divider--element-align-end .elementor-divider .elementor-divider-separator>.elementor-divider__svg:last-of-type{flex-grow:0;flex-shrink:100}.elementor-widget-divider--element-align-end .elementor-divider-separator:after{content:none}.elementor-widget-divider--element-align-end .elementor-divider__element{margin-inline-end:0}.elementor-widget-divider:not(.elementor-widget-divider--view-line_text):not(.elementor-widget-divider--view-line_icon) .elementor-divider-separator{border-block-start:var(--divider-border-width) var(--divider-border-style) var(--divider-color)}.elementor-widget-divider--separator-type-pattern{--divider-border-style:none}.elementor-widget-divider--separator-type-pattern.elementor-widget-divider--view-line .elementor-divider-separator,.elementor-widget-divider--separator-type-pattern:not(.elementor-widget-divider--view-line) .elementor-divider-separator:after,.elementor-widget-divider--separator-type-pattern:not(.elementor-widget-divider--view-line) .elementor-divider-separator:before,.elementor-widget-divider--separator-type-pattern:not([class*=elementor-widget-divider--view]) .elementor-divider-separator{width:100%;min-height:var(--divider-pattern-height);-webkit-mask-size:var(--divider-pattern-size) 100%;mask-size:var(--divider-pattern-size) 100%;-webkit-mask-repeat:var(--divider-pattern-repeat);mask-repeat:var(--divider-pattern-repeat);background-color:var(--divider-color);-webkit-mask-image:var(--divider-pattern-url);mask-image:var(--divider-pattern-url)}.elementor-widget-divider--no-spacing{--divider-pattern-size:auto}.elementor-widget-divider--bg-round{--divider-pattern-repeat:round}.rtl .elementor-widget-divider .elementor-divider__text{direction:rtl}.e-con-inner>.elementor-widget-divider,.e-con>.elementor-widget-divider{width:var(--container-widget-width,100%);--flex-grow:var(--container-widget-flex-grow)}<\/style>\t\t<div class=\"elementor-divider\">\n\t\t\t<span class=\"elementor-divider-separator\">\n\t\t\t\t\t\t<\/span>\n\t\t<\/div>\n\t\t\t\t<\/div>\n\t\t\t\t<\/div>\n\t\t\t\t\t<\/div>\n\t\t<\/div>\n\t\t\t\t\t<\/div>\n\t\t<\/section>\n\t\t\t\t<section class=\"elementor-section elementor-top-section elementor-element elementor-element-4c28c1b elementor-section-boxed elementor-section-height-default elementor-section-height-default\" data-id=\"4c28c1b\" data-element_type=\"section\">\n\t\t\t\t\t\t<div class=\"elementor-container elementor-column-gap-default\">\n\t\t\t\t\t<div class=\"elementor-column elementor-col-100 elementor-top-column elementor-element elementor-element-1411ae9\" data-id=\"1411ae9\" data-element_type=\"column\">\n\t\t\t<div class=\"elementor-widget-wrap elementor-element-populated\">\n\t\t\t\t\t\t<div class=\"elementor-element elementor-element-fd95834 elementor-widget elementor-widget-text-editor\" data-id=\"fd95834\" data-element_type=\"widget\" data-widget_type=\"text-editor.default\">\n\t\t\t\t<div class=\"elementor-widget-container\">\n\t\t\t<style>\/*! elementor - v3.19.0 - 28-02-2024 *\/\n.elementor-widget-text-editor.elementor-drop-cap-view-stacked .elementor-drop-cap{background-color:#69727d;color:#fff}.elementor-widget-text-editor.elementor-drop-cap-view-framed .elementor-drop-cap{color:#69727d;border:3px solid;background-color:transparent}.elementor-widget-text-editor:not(.elementor-drop-cap-view-default) .elementor-drop-cap{margin-top:8px}.elementor-widget-text-editor:not(.elementor-drop-cap-view-default) .elementor-drop-cap-letter{width:1em;height:1em}.elementor-widget-text-editor .elementor-drop-cap{float:left;text-align:center;line-height:1;font-size:50px}.elementor-widget-text-editor .elementor-drop-cap-letter{display:inline-block}<\/style>\t\t\t\t<p>Se asumen los asuntos relativos al derecho privado, principalmente que regula los principios jur\u00eddicos y las relaciones civiles entre las personas naturales, consideradas tanto; en su \u00e1mbito individual\/personal desde su nacimiento hasta su muerte, como en el \u00e1mbito familiar. Se asumen los siguientes asuntos:<\/p><p><strong>En Civil:<\/strong><\/p><ul><li>Conciliaciones extrajudiciales.<\/li><li>Contratos de arrendamiento.<\/li><li>Restituci\u00f3n de Inmueble arrendado.<br \/>Ejecutivos para el cobro de obligaciones en dinero.<\/li><li>Divisorios de comunidad.<\/li><li>Declarativos para el cumplimiento de contratos civiles.<\/li><li>Pertenencias.<\/li><li>Conflictos derivados del incumplimiento de contratos civiles.<\/li><li>Actuaciones ante Superintendencias.<\/li><li>Nulidad de actos\/contratos civiles.<\/li><\/ul><p>\u00a0<\/p><p><strong>En Familia:<\/strong><\/p><ul><li>Conciliaciones extrajudiciales.<\/li><li>Divorcio y\/o Cesaci\u00f3n de Efectos Civiles del Matrimonio.<\/li><li>Liquidaci\u00f3n de la Sociedad Conyugal.<\/li><li>Declaratoria y disoluci\u00f3n de la Uni\u00f3n Marital de Hecho.<\/li><li>Liquidaci\u00f3n de la Sociedad Patrimonial de Hecho.<\/li><li>Sucesiones. Judiciales y de Mutuo Acuerdo.<\/li><li>Levantamiento de Patrimonio de Familia.<\/li><li>Procesos de Adjudicaci\u00f3n de Apoyos (Antes llamados Interdicciones).<\/li><li>Otorgamiento, revocatoria y modificaci\u00f3n de testamentos.<\/li><li>Medidas de Protecci\u00f3n por Violencia Intrafamiliar.<\/li><\/ul><p><br \/><strong>Ni\u00f1ez:<\/strong><\/p><ul><li>Restituci\u00f3n Internacional de Menores.<\/li><li>Custodia y Cuidado Personal de los Hijos.<\/li><li>Perdida o Suspensi\u00f3n de la Patria Potestad.<\/li><li>Medidas de Protecci\u00f3n por Violencia Intrafamiliar.<\/li><li>Reconocimiento o Impugnaci\u00f3n de la paternidad o maternidad.<\/li><li>Restablecimiento de Derechos de los Ni\u00f1os ante I.C.B.F.<\/li><li>Alimentos. Fijaci\u00f3n, Aumento, Disminuci\u00f3n, Exoneraci\u00f3n de cuotas alimentarias y ejecutivo de Alimentos.<\/li><li>Defensa de ni\u00f1os\/ni\u00f1as v\u00edctimas de delitos sexuales ante Juzgados Penales.<\/li><\/ul>\t\t\t\t\t\t<\/div>\n\t\t\t\t<\/div>\n\t\t\t\t\t<\/div>\n\t\t<\/div>\n\t\t\t\t\t<\/div>\n\t\t<\/section>\n\t\t\t\t<section class=\"elementor-section elementor-top-section elementor-element elementor-element-68e2115 elementor-hidden-desktop elementor-hidden-tablet elementor-hidden-mobile elementor-section-boxed elementor-section-height-default elementor-section-height-default\" data-id=\"68e2115\" data-element_type=\"section\">\n\t\t\t\t\t\t<div class=\"elementor-container elementor-column-gap-default\">\n\t\t\t\t\t<div class=\"elementor-column elementor-col-100 elementor-top-column elementor-element elementor-element-af7de34\" data-id=\"af7de34\" data-element_type=\"column\">\n\t\t\t<div class=\"elementor-widget-wrap elementor-element-populated\">\n\t\t\t\t\t\t<div class=\"elementor-element elementor-element-74de376 elementor-widget elementor-widget-heading\" data-id=\"74de376\" data-element_type=\"widget\" data-widget_type=\"heading.default\">\n\t\t\t\t<div class=\"elementor-widget-container\">\n\t\t\t<h2 class=\"elementor-heading-title elementor-size-default\">Directora del \u00c1rea.<\/h2>\t\t<\/div>\n\t\t\t\t<\/div>\n\t\t\t\t<div class=\"elementor-element elementor-element-ad2faee elementor-widget elementor-widget-text-editor\" data-id=\"ad2faee\" data-element_type=\"widget\" data-widget_type=\"text-editor.default\">\n\t\t\t\t<div class=\"elementor-widget-container\">\n\t\t\t\t\t\t\t<strong>Julie Marcela Daza Rojas<\/strong>\n<strong><\/br>Socia Fundadora<\/strong>\t\t\t\t\t\t<\/div>\n\t\t\t\t<\/div>\n\t\t\t\t<section class=\"elementor-section elementor-inner-section elementor-element elementor-element-793d659 elementor-section-boxed elementor-section-height-default elementor-section-height-default\" data-id=\"793d659\" data-element_type=\"section\">\n\t\t\t\t\t\t<div class=\"elementor-container elementor-column-gap-default\">\n\t\t\t\t\t<div class=\"elementor-column elementor-col-50 elementor-inner-column elementor-element elementor-element-ac8a198\" data-id=\"ac8a198\" data-element_type=\"column\">\n\t\t\t<div class=\"elementor-widget-wrap elementor-element-populated\">\n\t\t\t\t\t\t<div class=\"elementor-element elementor-element-ee0fccb elementor-widget elementor-widget-image\" data-id=\"ee0fccb\" data-element_type=\"widget\" data-widget_type=\"image.default\">\n\t\t\t\t<div class=\"elementor-widget-container\">\n\t\t\t<style>\/*! elementor - v3.19.0 - 28-02-2024 *\/\n.elementor-widget-image{text-align:center}.elementor-widget-image a{display:inline-block}.elementor-widget-image a img[src$=\".svg\"]{width:48px}.elementor-widget-image img{vertical-align:middle;display:inline-block}<\/style>\t\t\t\t\t\t\t\t\t\t<img fetchpriority=\"high\" decoding=\"async\" width=\"800\" height=\"534\" src=\"https:\/\/dahoconsultores.com\/wp-content\/uploads\/2023\/07\/Marcela-Daza-1024x683.jpg\" class=\"attachment-large size-large wp-image-326\" alt=\"\" srcset=\"https:\/\/dahoconsultores.com\/wp-content\/uploads\/2023\/07\/Marcela-Daza-1024x683.jpg 1024w, https:\/\/dahoconsultores.com\/wp-content\/uploads\/2023\/07\/Marcela-Daza-300x200.jpg 300w, https:\/\/dahoconsultores.com\/wp-content\/uploads\/2023\/07\/Marcela-Daza-768x512.jpg 768w, https:\/\/dahoconsultores.com\/wp-content\/uploads\/2023\/07\/Marcela-Daza-1536x1024.jpg 1536w, https:\/\/dahoconsultores.com\/wp-content\/uploads\/2023\/07\/Marcela-Daza-2048x1365.jpg 2048w\" sizes=\"(max-width: 800px) 100vw, 800px\" \/>\t\t\t\t\t\t\t\t\t\t\t\t\t<\/div>\n\t\t\t\t<\/div>\n\t\t\t\t\t<\/div>\n\t\t<\/div>\n\t\t\t\t<div class=\"elementor-column elementor-col-50 elementor-inner-column elementor-element elementor-element-1daa9e8\" data-id=\"1daa9e8\" data-element_type=\"column\">\n\t\t\t<div class=\"elementor-widget-wrap elementor-element-populated\">\n\t\t\t\t\t\t<div class=\"elementor-element elementor-element-0b81e7c elementor-widget elementor-widget-text-editor\" data-id=\"0b81e7c\" data-element_type=\"widget\" data-widget_type=\"text-editor.default\">\n\t\t\t\t<div class=\"elementor-widget-container\">\n\t\t\t\t\t\t\t<p><strong>Perfil Profesional:<\/strong><\/p><p>Abogada, Magister y Doctora en Derecho de la Universidad Nacional de Colombia. Ejerce como consultora y abogada litigante ante autoridades administrativas y judiciales. As\u00ed mismo es docente de pregrado\u00a0 y posgrado de la Universidad Nacional de Colombia y Santo Tom\u00e1s &#8211; Sede Bogot\u00e1, y de posgrado de La Universidad Santiago de Cali y Grancolombia de Armenia.<\/p><p><strong>Perfil Ocupacional.<\/strong><\/p><p>Como profesional se destaca su habilidad para ejercer la defensa y oposici\u00f3n en cualquier asunto sometido a su conocimiento, promoviendo una resoluci\u00f3n de los conflictos respetuosa del derecho vigente. Fuerte y contundente en la defensa de sus clientes, con una actitud sensible y respetuosa de la intimidad.<\/p>\t\t\t\t\t\t<\/div>\n\t\t\t\t<\/div>\n\t\t\t\t\t<\/div>\n\t\t<\/div>\n\t\t\t\t\t<\/div>\n\t\t<\/section>\n\t\t\t\t\t<\/div>\n\t\t<\/div>\n\t\t\t\t\t<\/div>\n\t\t<\/section>\n\t\t\t\t<\/div>\n\t\t","protected":false},"excerpt":{"rendered":"<p>\u00c1rea Civil, Familia y Ni\u00f1ez Se asumen los asuntos relativos al derecho privado, principalmente que regula los principios jur\u00eddicos y las relaciones civiles entre las personas naturales, consideradas tanto; en su \u00e1mbito individual\/personal desde su nacimiento hasta su muerte, como en el \u00e1mbito familiar. Se asumen los siguientes asuntos: En Civil: Conciliaciones extrajudiciales. Contratos de [&hellip;]<\/p>\n","protected":false},"author":1,"featured_media":0,"parent":0,"menu_order":0,"comment_status":"closed","ping_status":"closed","template":"elementor_header_footer","meta":{"footnotes":"","_joinchat":[]},"yoast_head":"<!-- This site is optimized with the Yoast SEO plugin v22.1 - https:\/\/yoast.com\/wordpress\/plugins\/seo\/ -->\n<title>\u00c1rea Civil, Familia y Ni\u00f1ez - DAHO Consultores<\/title>\n<meta name=\"robots\" content=\"index, follow, max-snippet:-1, max-image-preview:large, max-video-preview:-1\" \/>\n<link rel=\"canonical\" href=\"https:\/\/dahoconsultores.com\/index.php\/area-civil-familia-y-ninez\/\" \/>\n<meta property=\"og:locale\" content=\"en_US\" \/>\n<meta property=\"og:type\" content=\"article\" \/>\n<meta property=\"og:title\" content=\"\u00c1rea Civil, Familia y Ni\u00f1ez - DAHO Consultores\" \/>\n<meta property=\"og:description\" content=\"\u00c1rea Civil, Familia y Ni\u00f1ez Se asumen los asuntos relativos al derecho privado, principalmente que regula los principios jur\u00eddicos y las relaciones civiles entre las personas naturales, consideradas tanto; en su \u00e1mbito individual\/personal desde su nacimiento hasta su muerte, como en el \u00e1mbito familiar. Se asumen los siguientes asuntos: En Civil: Conciliaciones extrajudiciales. Contratos de [&hellip;]\" \/>\n<meta property=\"og:url\" content=\"https:\/\/dahoconsultores.com\/index.php\/area-civil-familia-y-ninez\/\" \/>\n<meta property=\"og:site_name\" content=\"DAHO Consultores\" \/>\n<meta property=\"article:modified_time\" content=\"2024-10-08T13:29:48+00:00\" \/>\n<meta property=\"og:image\" content=\"https:\/\/dahoconsultores.com\/wp-content\/uploads\/2023\/07\/Marcela-Daza-1024x683.jpg\" \/>\n<meta name=\"twitter:card\" content=\"summary_large_image\" \/>\n<meta name=\"twitter:label1\" content=\"Est. reading time\" \/>\n\t<meta name=\"twitter:data1\" content=\"2 minutes\" \/>\n<script type=\"application\/ld+json\" class=\"yoast-schema-graph\">{\"@context\":\"https:\/\/schema.org\",\"@graph\":[{\"@type\":\"WebPage\",\"@id\":\"https:\/\/dahoconsultores.com\/index.php\/area-civil-familia-y-ninez\/\",\"url\":\"https:\/\/dahoconsultores.com\/index.php\/area-civil-familia-y-ninez\/\",\"name\":\"\u00c1rea Civil, Familia y Ni\u00f1ez - DAHO Consultores\",\"isPartOf\":{\"@id\":\"https:\/\/dahoconsultores.com\/#website\"},\"datePublished\":\"2023-06-28T11:20:58+00:00\",\"dateModified\":\"2024-10-08T13:29:48+00:00\",\"breadcrumb\":{\"@id\":\"https:\/\/dahoconsultores.com\/index.php\/area-civil-familia-y-ninez\/#breadcrumb\"},\"inLanguage\":\"en-US\",\"potentialAction\":[{\"@type\":\"ReadAction\",\"target\":[\"https:\/\/dahoconsultores.com\/index.php\/area-civil-familia-y-ninez\/\"]}]},{\"@type\":\"BreadcrumbList\",\"@id\":\"https:\/\/dahoconsultores.com\/index.php\/area-civil-familia-y-ninez\/#breadcrumb\",\"itemListElement\":[{\"@type\":\"ListItem\",\"position\":1,\"name\":\"Portada\",\"item\":\"https:\/\/dahoconsultores.com\/\"},{\"@type\":\"ListItem\",\"position\":2,\"name\":\"\u00c1rea Civil, Familia y Ni\u00f1ez\"}]},{\"@type\":\"WebSite\",\"@id\":\"https:\/\/dahoconsultores.com\/#website\",\"url\":\"https:\/\/dahoconsultores.com\/\",\"name\":\"DAHO Consultores\",\"description\":\"DAHO Consultores\",\"publisher\":{\"@id\":\"https:\/\/dahoconsultores.com\/#organization\"},\"potentialAction\":[{\"@type\":\"SearchAction\",\"target\":{\"@type\":\"EntryPoint\",\"urlTemplate\":\"https:\/\/dahoconsultores.com\/?s={search_term_string}\"},\"query-input\":\"required name=search_term_string\"}],\"inLanguage\":\"en-US\"},{\"@type\":\"Organization\",\"@id\":\"https:\/\/dahoconsultores.com\/#organization\",\"name\":\"DAHO Consultores\",\"url\":\"https:\/\/dahoconsultores.com\/\",\"logo\":{\"@type\":\"ImageObject\",\"inLanguage\":\"en-US\",\"@id\":\"https:\/\/dahoconsultores.com\/#\/schema\/logo\/image\/\",\"url\":\"https:\/\/dahoconsultores.com\/wp-content\/uploads\/2023\/05\/logo-png-azul.png\",\"contentUrl\":\"https:\/\/dahoconsultores.com\/wp-content\/uploads\/2023\/05\/logo-png-azul.png\",\"width\":3737,\"height\":1537,\"caption\":\"DAHO Consultores\"},\"image\":{\"@id\":\"https:\/\/dahoconsultores.com\/#\/schema\/logo\/image\/\"}}]}<\/script>\n<!-- \/ Yoast SEO plugin. -->","yoast_head_json":{"title":"\u00c1rea Civil, Familia y Ni\u00f1ez - DAHO Consultores","robots":{"index":"index","follow":"follow","max-snippet":"max-snippet:-1","max-image-preview":"max-image-preview:large","max-video-preview":"max-video-preview:-1"},"canonical":"https:\/\/dahoconsultores.com\/index.php\/area-civil-familia-y-ninez\/","og_locale":"en_US","og_type":"article","og_title":"\u00c1rea Civil, Familia y Ni\u00f1ez - DAHO Consultores","og_description":"\u00c1rea Civil, Familia y Ni\u00f1ez Se asumen los asuntos relativos al derecho privado, principalmente que regula los principios jur\u00eddicos y las relaciones civiles entre las personas naturales, consideradas tanto; en su \u00e1mbito individual\/personal desde su nacimiento hasta su muerte, como en el \u00e1mbito familiar. Se asumen los siguientes asuntos: En Civil: Conciliaciones extrajudiciales. Contratos de [&hellip;]","og_url":"https:\/\/dahoconsultores.com\/index.php\/area-civil-familia-y-ninez\/","og_site_name":"DAHO Consultores","article_modified_time":"2024-10-08T13:29:48+00:00","og_image":[{"url":"https:\/\/dahoconsultores.com\/wp-content\/uploads\/2023\/07\/Marcela-Daza-1024x683.jpg"}],"twitter_card":"summary_large_image","twitter_misc":{"Est. reading time":"2 minutes"},"schema":{"@context":"https:\/\/schema.org","@graph":[{"@type":"WebPage","@id":"https:\/\/dahoconsultores.com\/index.php\/area-civil-familia-y-ninez\/","url":"https:\/\/dahoconsultores.com\/index.php\/area-civil-familia-y-ninez\/","name":"\u00c1rea Civil, Familia y Ni\u00f1ez - DAHO Consultores","isPartOf":{"@id":"https:\/\/dahoconsultores.com\/#website"},"datePublished":"2023-06-28T11:20:58+00:00","dateModified":"2024-10-08T13:29:48+00:00","breadcrumb":{"@id":"https:\/\/dahoconsultores.com\/index.php\/area-civil-familia-y-ninez\/#breadcrumb"},"inLanguage":"en-US","potentialAction":[{"@type":"ReadAction","target":["https:\/\/dahoconsultores.com\/index.php\/area-civil-familia-y-ninez\/"]}]},{"@type":"BreadcrumbList","@id":"https:\/\/dahoconsultores.com\/index.php\/area-civil-familia-y-ninez\/#breadcrumb","itemListElement":[{"@type":"ListItem","position":1,"name":"Portada","item":"https:\/\/dahoconsultores.com\/"},{"@type":"ListItem","position":2,"name":"\u00c1rea Civil, Familia y Ni\u00f1ez"}]},{"@type":"WebSite","@id":"https:\/\/dahoconsultores.com\/#website","url":"https:\/\/dahoconsultores.com\/","name":"DAHO Consultores","description":"DAHO Consultores","publisher":{"@id":"https:\/\/dahoconsultores.com\/#organization"},"potentialAction":[{"@type":"SearchAction","target":{"@type":"EntryPoint","urlTemplate":"https:\/\/dahoconsultores.com\/?s={search_term_string}"},"query-input":"required name=search_term_string"}],"inLanguage":"en-US"},{"@type":"Organization","@id":"https:\/\/dahoconsultores.com\/#organization","name":"DAHO Consultores","url":"https:\/\/dahoconsultores.com\/","logo":{"@type":"ImageObject","inLanguage":"en-US","@id":"https:\/\/dahoconsultores.com\/#\/schema\/logo\/image\/","url":"https:\/\/dahoconsultores.com\/wp-content\/uploads\/2023\/05\/logo-png-azul.png","contentUrl":"https:\/\/dahoconsultores.com\/wp-content\/uploads\/2023\/05\/logo-png-azul.png","width":3737,"height":1537,"caption":"DAHO Consultores"},"image":{"@id":"https:\/\/dahoconsultores.com\/#\/schema\/logo\/image\/"}}]}},"_links":{"self":[{"href":"https:\/\/dahoconsultores.com\/index.php\/wp-json\/wp\/v2\/pages\/38"}],"collection":[{"href":"https:\/\/dahoconsultores.com\/index.php\/wp-json\/wp\/v2\/pages"}],"about":[{"href":"https:\/\/dahoconsultores.com\/index.php\/wp-json\/wp\/v2\/types\/page"}],"author":[{"embeddable":true,"href":"https:\/\/dahoconsultores.com\/index.php\/wp-json\/wp\/v2\/users\/1"}],"replies":[{"embeddable":true,"href":"https:\/\/dahoconsultores.com\/index.php\/wp-json\/wp\/v2\/comments?post=38"}],"version-history":[{"count":19,"href":"https:\/\/dahoconsultores.com\/index.php\/wp-json\/wp\/v2\/pages\/38\/revisions"}],"predecessor-version":[{"id":504,"href":"https:\/\/dahoconsultores.com\/index.php\/wp-json\/wp\/v2\/pages\/38\/revisions\/504"}],"wp:attachment":[{"href":"https:\/\/dahoconsultores.com\/index.php\/wp-json\/wp\/v2\/media?parent=38"}],"curies":[{"name":"wp","href":"https:\/\/api.w.org\/{rel}","templated":true}]}}